{"id":22586,"date":"2023-06-13T07:40:48","date_gmt":"2023-06-13T07:40:48","guid":{"rendered":"https:\/\/www.plego.art\/botiga\/sylvia-2\/"},"modified":"2025-06-23T13:17:55","modified_gmt":"2025-06-23T11:17:55","slug":"sylvia-2","status":"publish","type":"product","link":"https:\/\/www.testweb.plego.art\/fr\/botiga\/sylvia-2\/","title":{"rendered":"Sylvia"},"content":{"rendered":"<p>Le kit contient 6 feuilles de papier d\u2019art en pulpe teint\u00e9e, avec 50 % de coton et r\u00e9sistants \u00e0 la lumi\u00e8re, une fiche didactique pr\u00e9sentant les principales caract\u00e9ristiques de la fauvette m\u00e9lanoc\u00e9phale, et des instructions de montage, disponibles en 8 langues. Les pi\u00e8ces sont pr\u00e9d\u00e9coup\u00e9es et les plis marqu\u00e9s pour faciliter le pliage et l\u2019assemblage. Tout ce mat\u00e9riel est pr\u00e9sent\u00e9 dans une pochette soign\u00e9e et r\u00e9sistante. Vous aurez besoin de colle blanche pour loisirs cr\u00e9atifs pour assembler les pi\u00e8ces de la figurine.   <\/p>\n","protected":false},"excerpt":{"rendered":"<p>La <strong>fauvette m\u00e9lanoc\u00e9phale<\/strong> est sans aucun doute l\u2019oiseau le plus vif de la famille Plego : un v\u00e9ritable petit tourbillon ! Les m\u00e2les se reconnaissent \u00e0 leur t\u00eate noire, \u00e0 leur gorge blanche et surtout \u00e0 leurs yeux rouges. Assemblez-la vite, avant qu\u2019elle ne s\u2019\u00e9chappe !  <\/p>\n<p>Figurine simple, id\u00e9ale pour les amateurs de loisirs cr\u00e9atifs d\u00e9butants.<\/p>\n","protected":false},"featured_media":22587,"comment_status":"closed","ping_status":"closed","template":"","meta":{"_et_pb_use_builder":"","_et_pb_old_content":"","_et_gb_content_width":""},"product_brand":[],"product_cat":[263],"product_tag":[],"class_list":{"0":"post-22586","1":"product","2":"type-product","3":"status-publish","4":"has-post-thumbnail","6":"product_cat-collection-oiseaux","8":"first","9":"instock","10":"taxable","11":"shipping-taxable","12":"purchasable","13":"product-type-simple","14":"wpzoom-wc-spi-has-enabled"},"_links":{"self":[{"href":"https:\/\/www.testweb.plego.art\/fr\/wp-json\/wp\/v2\/product\/22586","targetHints":{"allow":["GET"]}}],"collection":[{"href":"https:\/\/www.testweb.plego.art\/fr\/wp-json\/wp\/v2\/product"}],"about":[{"href":"https:\/\/www.testweb.plego.art\/fr\/wp-json\/wp\/v2\/types\/product"}],"replies":[{"embeddable":true,"href":"https:\/\/www.testweb.plego.art\/fr\/wp-json\/wp\/v2\/comments?post=22586"}],"wp:featuredmedia":[{"embeddable":true,"href":"https:\/\/www.testweb.plego.art\/fr\/wp-json\/wp\/v2\/media\/22587"}],"wp:attachment":[{"href":"https:\/\/www.testweb.plego.art\/fr\/wp-json\/wp\/v2\/media?parent=22586"}],"wp:term":[{"taxonomy":"product_brand","embeddable":true,"href":"https:\/\/www.testweb.plego.art\/fr\/wp-json\/wp\/v2\/product_brand?post=22586"},{"taxonomy":"product_cat","embeddable":true,"href":"https:\/\/www.testweb.plego.art\/fr\/wp-json\/wp\/v2\/product_cat?post=22586"},{"taxonomy":"product_tag","embeddable":true,"href":"https:\/\/www.testweb.plego.art\/fr\/wp-json\/wp\/v2\/product_tag?post=22586"}],"curies":[{"name":"wp","href":"https:\/\/api.w.org\/{rel}","templated":true}]}}