{"id":22516,"date":"2014-06-03T17:22:27","date_gmt":"2014-06-03T17:22:27","guid":{"rendered":"https:\/\/www.plego.art\/botiga\/erithacus-rubecula-2\/"},"modified":"2026-01-26T17:16:40","modified_gmt":"2026-01-26T16:16:40","slug":"erithacus-rubecula","status":"publish","type":"product","link":"https:\/\/www.testweb.plego.art\/fr\/botiga\/erithacus-rubecula\/","title":{"rendered":"Erithacus Rubecula"},"content":{"rendered":"<p>Le kit contient 4 feuilles de papier d\u2019art en pulpe teint\u00e9e, avec 50 % de coton et r\u00e9sistants \u00e0 la lumi\u00e8re, une fiche didactique pr\u00e9sentant les principales caract\u00e9ristiques du rouge-gorge, et des instructions de montage, disponibles en 8 langues. Les pi\u00e8ces sont pr\u00e9d\u00e9coup\u00e9es et les plis marqu\u00e9s pour faciliter le pliage et l\u2019assemblage. Tout ce mat\u00e9riel est pr\u00e9sent\u00e9 dans une pochette soign\u00e9e et r\u00e9sistante. Vous aurez besoin de colle blanche pour loisirs cr\u00e9atifs pour assembler les pi\u00e8ces de la figurine.   <\/p>\n","protected":false},"excerpt":{"rendered":"<p>Le <strong>rouge-gorge<\/strong> est l\u2019oiseau le plus sociable, et sans doute le plus connu, de la collection. La figurine associe les couleurs brun, cr\u00e8me et le rouge orang\u00e9 si caract\u00e9ristique de son poitrail, qui lui donne son nom. Si vous doutez de vos talents, cette figurine est id\u00e9ale pour d\u00e9buter et gagner en assurance.  <\/p>\n","protected":false},"featured_media":22517,"comment_status":"closed","ping_status":"closed","template":"","meta":{"_et_pb_use_builder":"","_et_pb_old_content":"","_et_gb_content_width":""},"product_brand":[],"product_cat":[263],"product_tag":[],"class_list":{"0":"post-22516","1":"product","2":"type-product","3":"status-publish","4":"has-post-thumbnail","6":"product_cat-collection-oiseaux","8":"first","9":"instock","10":"taxable","11":"shipping-taxable","12":"purchasable","13":"product-type-simple","14":"wpzoom-wc-spi-has-enabled"},"_links":{"self":[{"href":"https:\/\/www.testweb.plego.art\/fr\/wp-json\/wp\/v2\/product\/22516","targetHints":{"allow":["GET"]}}],"collection":[{"href":"https:\/\/www.testweb.plego.art\/fr\/wp-json\/wp\/v2\/product"}],"about":[{"href":"https:\/\/www.testweb.plego.art\/fr\/wp-json\/wp\/v2\/types\/product"}],"replies":[{"embeddable":true,"href":"https:\/\/www.testweb.plego.art\/fr\/wp-json\/wp\/v2\/comments?post=22516"}],"wp:featuredmedia":[{"embeddable":true,"href":"https:\/\/www.testweb.plego.art\/fr\/wp-json\/wp\/v2\/media\/22517"}],"wp:attachment":[{"href":"https:\/\/www.testweb.plego.art\/fr\/wp-json\/wp\/v2\/media?parent=22516"}],"wp:term":[{"taxonomy":"product_brand","embeddable":true,"href":"https:\/\/www.testweb.plego.art\/fr\/wp-json\/wp\/v2\/product_brand?post=22516"},{"taxonomy":"product_cat","embeddable":true,"href":"https:\/\/www.testweb.plego.art\/fr\/wp-json\/wp\/v2\/product_cat?post=22516"},{"taxonomy":"product_tag","embeddable":true,"href":"https:\/\/www.testweb.plego.art\/fr\/wp-json\/wp\/v2\/product_tag?post=22516"}],"curies":[{"name":"wp","href":"https:\/\/api.w.org\/{rel}","templated":true}]}}