{"id":23833,"date":"2025-10-08T13:53:30","date_gmt":"2025-10-08T11:53:30","guid":{"rendered":"https:\/\/www.plego.art\/?post_type=product&#038;p=23833"},"modified":"2025-10-08T19:07:54","modified_gmt":"2025-10-08T17:07:54","slug":"argilia-avis","status":"publish","type":"product","link":"https:\/\/www.testweb.plego.art\/es\/tienda\/argilia-avis\/","title":{"rendered":"Argilia Avis"},"content":{"rendered":"<p>El kit incluye dos hojas de papel reciclado de pulpa te\u00f1ida, elaboradas con una combinaci\u00f3n equilibrada de fibras: 40% CTMP, 20% recicladas, 15% de algod\u00f3n y 25% de fibras ECF puras y ecol\u00f3gicas. Un cart\u00f3n negro de 700 g\/m\u00b2 para la estructura interna y unas instrucciones de montaje.<br \/>\nLas piezas vienen precortadas y marcadas para facilitar el montaje \u2014 no se necesitan tijeras ni cola blanca.<br \/>\nTodos estos materiales se presentan en una carpeta elegante y resistente, elaborada con papel certificado FSC\u00ae. <\/p>\n","protected":false},"excerpt":{"rendered":"<p>Con <strong>Argilia Avis<\/strong> iniciamos una nueva colecci\u00f3n pensada para aquellas manos poco iniciadas en el arte del plegado o bien para aquellas personas que tienen menos paciencia: \u00a1la <em>Fantasy Bird Collection<\/em> se construye con menos de 15 minutos!<\/p>\n<p>Para esta figura hemos dise\u00f1ado una estructura interna fuerte y resistente, con un sistema de encajes muy f\u00e1cil de montar. La capa exterior que envuelve este esqueleto est\u00e1 hecha con papel reciclado de color arcilla, un papel de alta calidad con certificaci\u00f3n FSC\u00ae, que garantiza un origen responsable y sostenible. <\/p>\n","protected":false},"featured_media":23590,"comment_status":"closed","ping_status":"closed","template":"","meta":{"_et_pb_use_builder":"","_et_pb_old_content":"","_et_gb_content_width":""},"product_brand":[],"product_cat":[327],"product_tag":[],"class_list":{"0":"post-23833","1":"product","2":"type-product","3":"status-publish","4":"has-post-thumbnail","6":"product_cat-coleccion-fantasia","8":"first","9":"instock","10":"taxable","11":"shipping-taxable","12":"purchasable","13":"product-type-simple","14":"wpzoom-wc-spi-has-enabled"},"_links":{"self":[{"href":"https:\/\/www.testweb.plego.art\/es\/wp-json\/wp\/v2\/product\/23833","targetHints":{"allow":["GET"]}}],"collection":[{"href":"https:\/\/www.testweb.plego.art\/es\/wp-json\/wp\/v2\/product"}],"about":[{"href":"https:\/\/www.testweb.plego.art\/es\/wp-json\/wp\/v2\/types\/product"}],"replies":[{"embeddable":true,"href":"https:\/\/www.testweb.plego.art\/es\/wp-json\/wp\/v2\/comments?post=23833"}],"wp:featuredmedia":[{"embeddable":true,"href":"https:\/\/www.testweb.plego.art\/es\/wp-json\/wp\/v2\/media\/23590"}],"wp:attachment":[{"href":"https:\/\/www.testweb.plego.art\/es\/wp-json\/wp\/v2\/media?parent=23833"}],"wp:term":[{"taxonomy":"product_brand","embeddable":true,"href":"https:\/\/www.testweb.plego.art\/es\/wp-json\/wp\/v2\/product_brand?post=23833"},{"taxonomy":"product_cat","embeddable":true,"href":"https:\/\/www.testweb.plego.art\/es\/wp-json\/wp\/v2\/product_cat?post=23833"},{"taxonomy":"product_tag","embeddable":true,"href":"https:\/\/www.testweb.plego.art\/es\/wp-json\/wp\/v2\/product_tag?post=23833"}],"curies":[{"name":"wp","href":"https:\/\/api.w.org\/{rel}","templated":true}]}}