{"id":16933,"date":"2023-10-19T08:39:35","date_gmt":"2023-10-19T08:39:35","guid":{"rendered":"https:\/\/www.plego.art\/?post_type=product&#038;p=16933"},"modified":"2025-05-11T19:33:52","modified_gmt":"2025-05-11T17:33:52","slug":"rosa-centifolia","status":"publish","type":"product","link":"https:\/\/www.testweb.plego.art\/es\/tienda\/rosa-centifolia\/","title":{"rendered":"Rosa centifolia"},"content":{"rendered":"<p>El kit contiene 5 hojas de papel de arte de colores y gramajes variados para construir tu flor. El tama\u00f1o final del pop-up desplegado es equivalente a un A3 (42 \u00d7 29,7 cm). <\/p>\n<p>Tambi\u00e9n contiene una l\u00e1mina art\u00edstica y divulgativa de la especie y unas instrucciones de montaje que van gui\u00e1ndote paso a paso, todo en 8 idiomas diferentes. Adem\u00e1s, esta colecci\u00f3n incorpora cinta adhesiva de doble cara, para que lo tengas todo preparado para montar la figura. Todos estos materiales se presentan en una carpeta atractiva y resistente.  <\/p>\n","protected":false},"excerpt":{"rendered":"<p>Con las flores de Plego te traemos un estilo diferente de jugar con el pliegue. Descubrir\u00e1s la t\u00e9cnica del pop-up de forma f\u00e1cil y did\u00e1ctica y ver\u00e1s como las creaciones que emergen del papel te sorprender\u00e1n y te divertir\u00e1n. \u00a1Haciendo jardiner\u00eda con esta rosa seguro que no te pinchar\u00e1s!  <\/p>\n<p>Este kit tambi\u00e9n incorpora una l\u00e1mina art\u00edstica de la <strong>rosa de mayo<\/strong> en tama\u00f1o A4. Todo el material que necesitas para montar este pop-up est\u00e1 incluido dentro de la carpeta. <\/p>\n","protected":false},"featured_media":25072,"comment_status":"closed","ping_status":"closed","template":"","meta":{"_et_pb_use_builder":"","_et_pb_old_content":"","_et_gb_content_width":""},"product_brand":[],"product_cat":[129],"product_tag":[],"class_list":{"0":"post-16933","1":"product","2":"type-product","3":"status-publish","4":"has-post-thumbnail","6":"product_cat-coleccion-pop-up","8":"first","9":"instock","10":"sale","11":"taxable","12":"shipping-taxable","13":"purchasable","14":"product-type-simple","15":"wpzoom-wc-spi-has-enabled"},"_links":{"self":[{"href":"https:\/\/www.testweb.plego.art\/es\/wp-json\/wp\/v2\/product\/16933","targetHints":{"allow":["GET"]}}],"collection":[{"href":"https:\/\/www.testweb.plego.art\/es\/wp-json\/wp\/v2\/product"}],"about":[{"href":"https:\/\/www.testweb.plego.art\/es\/wp-json\/wp\/v2\/types\/product"}],"replies":[{"embeddable":true,"href":"https:\/\/www.testweb.plego.art\/es\/wp-json\/wp\/v2\/comments?post=16933"}],"wp:featuredmedia":[{"embeddable":true,"href":"https:\/\/www.testweb.plego.art\/es\/wp-json\/wp\/v2\/media\/25072"}],"wp:attachment":[{"href":"https:\/\/www.testweb.plego.art\/es\/wp-json\/wp\/v2\/media?parent=16933"}],"wp:term":[{"taxonomy":"product_brand","embeddable":true,"href":"https:\/\/www.testweb.plego.art\/es\/wp-json\/wp\/v2\/product_brand?post=16933"},{"taxonomy":"product_cat","embeddable":true,"href":"https:\/\/www.testweb.plego.art\/es\/wp-json\/wp\/v2\/product_cat?post=16933"},{"taxonomy":"product_tag","embeddable":true,"href":"https:\/\/www.testweb.plego.art\/es\/wp-json\/wp\/v2\/product_tag?post=16933"}],"curies":[{"name":"wp","href":"https:\/\/api.w.org\/{rel}","templated":true}]}}