{"id":14406,"date":"2018-12-04T11:27:17","date_gmt":"2018-12-04T11:27:17","guid":{"rendered":"https:\/\/plego.cat\/producte\/falco-peregrinus\/"},"modified":"2026-03-20T12:46:42","modified_gmt":"2026-03-20T11:46:42","slug":"falco-peregrinus","status":"publish","type":"product","link":"https:\/\/www.testweb.plego.art\/es\/tienda\/falco-peregrinus\/","title":{"rendered":"Falco Peregrinus"},"content":{"rendered":"<p>El kit contiene 10 papeles de arte de pulpa te\u00f1ida, con un 50 % de algod\u00f3n y resistentes a la luz, una ficha did\u00e1ctica con las principales caracter\u00edsticas del halc\u00f3n peregrino y unas instrucciones de montaje, todo en 8 idiomas diferentes. Las piezas vienen precortadas y marcadas para facilitar el plegado y montaje. Todos estos materiales se presentan en una carpeta atractiva y resistente. Es necesaria cola blanca de manualidades para pegar las piezas de la figura.   <\/p>\n","protected":false},"excerpt":{"rendered":"<p>La envergadura y las alas extendidas del <strong>halc\u00f3n peregrino<\/strong> hacen que sea una de las aves m\u00e1s espectaculares de la colecci\u00f3n. Se trata de una figura pensada para colgarla, como un m\u00f3vil. <\/p>\n<p>El nivel de dificultad del montaje de esta figura es alto, est\u00e1 pensada para manos experimentadas. \u00a1Todo un reto! <\/p>\n","protected":false},"featured_media":19246,"comment_status":"closed","ping_status":"closed","template":"","meta":{"_et_pb_use_builder":"","_et_pb_old_content":"","_et_gb_content_width":""},"product_brand":[],"product_cat":[127],"product_tag":[],"class_list":{"0":"post-14406","1":"product","2":"type-product","3":"status-publish","4":"has-post-thumbnail","6":"product_cat-coleccion-pajaros","8":"first","9":"instock","10":"taxable","11":"shipping-taxable","12":"purchasable","13":"product-type-simple","14":"wpzoom-wc-spi-has-enabled"},"_links":{"self":[{"href":"https:\/\/www.testweb.plego.art\/es\/wp-json\/wp\/v2\/product\/14406","targetHints":{"allow":["GET"]}}],"collection":[{"href":"https:\/\/www.testweb.plego.art\/es\/wp-json\/wp\/v2\/product"}],"about":[{"href":"https:\/\/www.testweb.plego.art\/es\/wp-json\/wp\/v2\/types\/product"}],"replies":[{"embeddable":true,"href":"https:\/\/www.testweb.plego.art\/es\/wp-json\/wp\/v2\/comments?post=14406"}],"wp:featuredmedia":[{"embeddable":true,"href":"https:\/\/www.testweb.plego.art\/es\/wp-json\/wp\/v2\/media\/19246"}],"wp:attachment":[{"href":"https:\/\/www.testweb.plego.art\/es\/wp-json\/wp\/v2\/media?parent=14406"}],"wp:term":[{"taxonomy":"product_brand","embeddable":true,"href":"https:\/\/www.testweb.plego.art\/es\/wp-json\/wp\/v2\/product_brand?post=14406"},{"taxonomy":"product_cat","embeddable":true,"href":"https:\/\/www.testweb.plego.art\/es\/wp-json\/wp\/v2\/product_cat?post=14406"},{"taxonomy":"product_tag","embeddable":true,"href":"https:\/\/www.testweb.plego.art\/es\/wp-json\/wp\/v2\/product_tag?post=14406"}],"curies":[{"name":"wp","href":"https:\/\/api.w.org\/{rel}","templated":true}]}}