{"id":14087,"date":"2014-09-03T10:23:56","date_gmt":"2014-09-03T10:23:56","guid":{"rendered":"https:\/\/www.plego.art\/contacte\/"},"modified":"2025-06-24T12:41:36","modified_gmt":"2025-06-24T10:41:36","slug":"contacto","status":"publish","type":"page","link":"https:\/\/www.testweb.plego.art\/es\/contacto\/","title":{"rendered":"Contacto"},"content":{"rendered":"<p>[et_pb_section fb_built=&#8221;1&#8243; admin_label=&#8221;Secci\u00f3 Menu Principal Superior Transparent&#8221; module_id=&#8221;seccio-menu-principal-superior&#8221; module_class=&#8221;seccio-menu-principal-superior-transparent&#8221; _builder_version=&#8221;4.23.2&#8243; _module_preset=&#8221;default&#8221; background_color=&#8221;RGBA(255,255,255,0)&#8221; positioning=&#8221;none&#8221; position_origin_a=&#8221;top_center&#8221; position_origin_f=&#8221;top_center&#8221; z_index=&#8221;10&#8243; custom_margin=&#8221;||||false|false&#8221; custom_padding=&#8221;5px||5px||true|false&#8221; sticky_position=&#8221;top&#8221; sticky_position_tablet=&#8221;none&#8221; sticky_position_phone=&#8221;none&#8221; sticky_position_last_edited=&#8221;on|tablet&#8221; global_module=&#8221;19548&#8243; saved_tabs=&#8221;all&#8221; global_colors_info=&#8221;{}&#8221; background__sticky_enabled=&#8221;on|sticky&#8221; background_color__sticky=&#8221;#FFFFFF&#8221; background_enable_color__sticky=&#8221;on&#8221; custom_padding__sticky_enabled=&#8221;on|desktop&#8221; custom_padding__sticky=&#8221;0px||0px||true|false&#8221;][et_pb_row _builder_version=&#8221;4.27.0&#8243; _module_preset=&#8221;default&#8221; width=&#8221;97%&#8221; max_width=&#8221;2500px&#8221; custom_padding=&#8221;0px|15px|0px|15px|true|false&#8221; global_colors_info=&#8221;{}&#8221;][et_pb_column type=&#8221;4_4&#8243; _builder_version=&#8221;4.22.2&#8243; _module_preset=&#8221;default&#8221; global_colors_info=&#8221;{}&#8221;][et_pb_image src=&#8221;https:\/\/www.testweb.plego.art\/wp-content\/uploads\/2023\/11\/marca-WEBL-1.png&#8221; title_text=&#8221;Plego.art&#8221; url=&#8221;@ET-DC@eyJkeW5hbWljIjp0cnVlLCJjb250ZW50IjoiaG9tZV91cmwiLCJzZXR0aW5ncyI6eyJlbmFibGVfaHRtbCI6Im9mZiJ9fQ==@&#8221; use_overlay=&#8221;off&#8221; show_bottom_space=&#8221;off&#8221; admin_label=&#8221;Imatge Logo&#8221; module_class=&#8221;menu-superior-imatge-logo menu-logo-color&#8221; _builder_version=&#8221;4.23.2&#8243; _dynamic_attributes=&#8221;url&#8221; _module_preset=&#8221;default&#8221; max_width=&#8221;90px&#8221; global_colors_info=&#8221;{}&#8221; transform_styles__hover_enabled=&#8221;off|desktop&#8221; transform_scale__hover_enabled=&#8221;off|desktop&#8221; transform_translate__hover_enabled=&#8221;off|desktop&#8221; transform_rotate__hover_enabled=&#8221;off|desktop&#8221; transform_skew__hover_enabled=&#8221;off|desktop&#8221; transform_origin__hover_enabled=&#8221;off|desktop&#8221; transform_scale__hover=&#8221;100%|100%&#8221;][\/et_pb_image][et_pb_image src=&#8221;https:\/\/www.testweb.plego.art\/wp-content\/uploads\/2016\/12\/plego_logo_trans.png&#8221; title_text=&#8221;plego_logo_trans&#8221; url=&#8221;@ET-DC@eyJkeW5hbWljIjp0cnVlLCJjb250ZW50IjoiaG9tZV91cmwiLCJzZXR0aW5ncyI6eyJlbmFibGVfaHRtbCI6Im9mZiJ9fQ==@&#8221; use_overlay=&#8221;off&#8221; show_bottom_space=&#8221;off&#8221; admin_label=&#8221;Imatge Logo Blanc&#8221; module_class=&#8221;menu-superior-imatge-logo menu-logo-blanc&#8221; _builder_version=&#8221;4.23.2&#8243; _dynamic_attributes=&#8221;url&#8221; _module_preset=&#8221;default&#8221; max_width=&#8221;90px&#8221; global_colors_info=&#8221;{}&#8221; transform_styles__hover_enabled=&#8221;off|desktop&#8221; transform_scale__hover_enabled=&#8221;off|desktop&#8221; transform_translate__hover_enabled=&#8221;off|desktop&#8221; transform_rotate__hover_enabled=&#8221;off|desktop&#8221; transform_skew__hover_enabled=&#8221;off|desktop&#8221; transform_origin__hover_enabled=&#8221;off|desktop&#8221; transform_scale__hover=&#8221;100%|100%&#8221;][\/et_pb_image][et_pb_menu menu_id=&#8221;21&#8243; logo_url=&#8221;@ET-DC@eyJkeW5hbWljIjp0cnVlLCJjb250ZW50IjoiaG9tZV91cmwiLCJzZXR0aW5ncyI6eyJlbmFibGVfaHRtbCI6Im9mZiJ9fQ==@&#8221; show_search_icon=&#8221;off&#8221; admin_label=&#8221;Men\u00fa Principal&#8221; module_id=&#8221;modul-menu-principal-superior&#8221; _builder_version=&#8221;4.23.2&#8243; _dynamic_attributes=&#8221;logo_url&#8221; _module_preset=&#8221;1dc04df3-1d46-4845-864c-2f3719e99809&#8243; menu_text_color=&#8221;#FFFFFF&#8221; text_orientation=&#8221;center&#8221; custom_margin_phone=&#8221;-91px||||false|false&#8221; custom_margin_last_edited=&#8221;off|desktop&#8221; global_colors_info=&#8221;{%22gcid-3c5f6e93-bb73-4970-84cf-ac9a2ceea141%22:%91%22dropdown_menu_line_color%22,%22active_link_color%22,%22dropdown_menu_active_link_color%22%93,%22gcid-ec6c522d-f824-435a-85ff-e5eb53d63a50%22:%91%22dropdown_menu_bg_color%22,%22mobile_menu_bg_color%22%93}&#8221; custom_padding__sticky_enabled=&#8221;off|desktop&#8221; logo_height__sticky_enabled=&#8221;on|desktop&#8221; menu_text_color__hover_enabled=&#8221;off|desktop&#8221; menu_text_color__sticky_enabled=&#8221;on|desktop&#8221; menu_text_color__sticky=&#8221;#252525&#8243;][\/et_pb_menu][et_pb_menu menu_id=&#8221;115&#8243; logo_url=&#8221;@ET-DC@eyJkeW5hbWljIjp0cnVlLCJjb250ZW50IjoiaG9tZV91cmwiLCJzZXR0aW5ncyI6eyJlbmFibGVfaHRtbCI6Im9mZiJ9fQ==@&#8221; cart_icon_color=&#8221;#FFFFFF&#8221; search_icon_color=&#8221;#FFFFFF&#8221; menu_icon_color=&#8221;#FFFFFF&#8221; admin_label=&#8221;Men\u00fa Usuari&#8221; module_id=&#8221;modul-menu-opcions-rapides&#8221; module_class=&#8221;menu-expandit-mobil&#8221; _builder_version=&#8221;4.23.2&#8243; _dynamic_attributes=&#8221;logo_url&#8221; _module_preset=&#8221;1dc04df3-1d46-4845-864c-2f3719e99809&#8243; menu_text_color=&#8221;#FFFFFF&#8221; custom_margin_phone=&#8221;-137px||||false|false&#8221; custom_margin_last_edited=&#8221;off|desktop&#8221; global_colors_info=&#8221;{%22gcid-3c5f6e93-bb73-4970-84cf-ac9a2ceea141%22:%91%22dropdown_menu_line_color%22,%22active_link_color%22,%22dropdown_menu_active_link_color%22%93,%22gcid-ec6c522d-f824-435a-85ff-e5eb53d63a50%22:%91%22dropdown_menu_bg_color%22,%22mobile_menu_bg_color%22%93}&#8221; custom_padding__sticky_enabled=&#8221;off|desktop&#8221; logo_height__sticky_enabled=&#8221;on|desktop&#8221; menu_text_color__hover_enabled=&#8221;off|desktop&#8221; menu_text_color__sticky_enabled=&#8221;on|desktop&#8221; menu_text_color__sticky=&#8221;#252525&#8243; cart_icon_color__sticky_enabled=&#8221;on|sticky&#8221; search_icon_color__sticky_enabled=&#8221;on|desktop&#8221; menu_icon_color__sticky_enabled=&#8221;on|desktop&#8221; cart_icon_color__sticky=&#8221;#252525&#8243; search_icon_color__sticky=&#8221;#252525&#8243; menu_icon_color__sticky=&#8221;#252525&#8243; menu_icon_color__hover_enabled=&#8221;on|desktop&#8221; menu_icon_color__hover=&#8221;#FFFFFF&#8221;][\/et_pb_menu][\/et_pb_column][\/et_pb_row][\/et_pb_section][et_pb_section fb_built=&#8221;1&#8243; custom_padding_last_edited=&#8221;on|phone&#8221; _builder_version=&#8221;4.27.0&#8243; _module_preset=&#8221;default&#8221; background_color=&#8221;gcid-39938217-76e7-4093-9aba-872b87fb0c7c&#8221; background_image=&#8221;https:\/\/www.testweb.plego.art\/wp-content\/uploads\/2024\/10\/cor2-slideralt_home.jpg&#8221; parallax=&#8221;on&#8221; custom_margin=&#8221;-82px||||false|false&#8221; custom_padding=&#8221;22vh||21vh||false|false&#8221; custom_padding_tablet=&#8221;150px||100px||false|false&#8221; custom_padding_phone=&#8221;120px||60px||false|false&#8221; background_last_edited=&#8221;on|phone&#8221; parallax_phone=&#8221;off&#8221; background_size_phone=&#8221;cover&#8221; background_position_phone=&#8221;center&#8221; global_colors_info=&#8221;{%22gcid-39938217-76e7-4093-9aba-872b87fb0c7c%22:%91%22background_color%22%93}&#8221;][et_pb_row _builder_version=&#8221;4.27.0&#8243; _module_preset=&#8221;default&#8221; custom_padding=&#8221;14vh||17px||false|false&#8221; global_colors_info=&#8221;{}&#8221;][et_pb_column type=&#8221;4_4&#8243; _builder_version=&#8221;4.22.2&#8243; _module_preset=&#8221;default&#8221; global_colors_info=&#8221;{}&#8221;][et_pb_text _builder_version=&#8221;4.27.0&#8243; _module_preset=&#8221;default&#8221; text_font=&#8221;Source Sans Pro|600|||||||&#8221; text_text_color=&#8221;#F5825E&#8221; text_font_size=&#8221;1.9rem&#8221; text_line_height=&#8221;4.7em&#8221; header_font=&#8221;Source Sans Pro|700|||||||&#8221; header_text_color=&#8221;#FFFFFF&#8221; header_font_size=&#8221;3.3rem&#8221; header_2_font=&#8221;|300|||||||&#8221; header_2_font_size=&#8221;2.8rem&#8221; header_2_line_height=&#8221;0.4em&#8221; text_orientation=&#8221;center&#8221; background_layout=&#8221;dark&#8221; custom_margin=&#8221;-11px|||||&#8221; custom_margin_tablet=&#8221;36px|||||&#8221; custom_margin_phone=&#8221;0px||||false|false&#8221; custom_margin_last_edited=&#8221;on|phone&#8221; custom_padding=&#8221;0vh||0px||false|false&#8221; text_font_size_tablet=&#8221;1.4rem&#8221; text_font_size_phone=&#8221;1.4rem&#8221; text_font_size_last_edited=&#8221;on|phone&#8221; header_font_size_phone=&#8221;2.7rem&#8221; header_2_font_size_phone=&#8221;2rem&#8221; header_text_shadow_style=&#8221;preset3&#8243; header_text_shadow_blur_strength=&#8221;1.61em&#8221; header_text_shadow_color=&#8221;gcid-399ad24f-656d-466d-ad87-eb2e4bf0c248&#8243; global_colors_info=&#8221;{%22gcid-3c5f6e93-bb73-4970-84cf-ac9a2ceea141%22:%91%22link_text_color%22,%22link_text_color%22,%22link_text_color%22,%22link_text_color%22,%22link_text_color%22,%22link_text_color%22,%22link_text_color%22%93,%22gcid-978746c2-4d88-4e95-b979-6828ff8aeac2%22:%91%22link_text_color__hover%22,%22link_text_color__hover%22,%22link_text_color__hover%22,%22link_text_color__hover%22,%22link_text_color__hover%22,%22link_text_color__hover%22,%22link_text_color__hover%22%93,%22gcid-399ad24f-656d-466d-ad87-eb2e4bf0c248%22:%91%22header_text_shadow_color%22%93}&#8221;]<\/p>\n<h1>Plego,<\/h1>\n<h2>paper pleasure<\/h2>\n<p>\u00a1El placer es nuestro!<\/p>\n<p>[\/et_pb_text][\/et_pb_column][\/et_pb_row][\/et_pb_section][et_pb_section fb_built=&#8221;1&#8243; _builder_version=&#8221;4.23.2&#8243; _module_preset=&#8221;default&#8221; background_color=&#8221;gcid-1b00c915-a7f2-4a48-a798-c1d71a4961ff&#8221; global_colors_info=&#8221;{%22gcid-1b00c915-a7f2-4a48-a798-c1d71a4961ff%22:%91%22background_color%22%93}&#8221;][et_pb_row column_structure=&#8221;2_5,3_5&#8243; custom_padding_last_edited=&#8221;on|phone&#8221; _builder_version=&#8221;4.27.0&#8243; _module_preset=&#8221;default&#8221; max_width=&#8221;1200px&#8221; custom_padding=&#8221;|0px||0px|false|false&#8221; custom_padding_tablet=&#8221;|0px||0px|false|false&#8221; custom_padding_phone=&#8221;|15px||15px|false|false&#8221; global_colors_info=&#8221;{}&#8221;][et_pb_column type=&#8221;2_5&#8243; _builder_version=&#8221;4.22.2&#8243; _module_preset=&#8221;default&#8221; global_colors_info=&#8221;{}&#8221;][et_pb_text _builder_version=&#8221;4.27.0&#8243; _module_preset=&#8221;default&#8221; text_text_color=&#8221;gcid-556cf328-6a65-4462-a241-9ca2492941ac&#8221; header_4_text_color=&#8221;gcid-556cf328-6a65-4462-a241-9ca2492941ac&#8221; header_4_font_size=&#8221;1.2rem&#8221; global_colors_info=&#8221;{%22gcid-3c5f6e93-bb73-4970-84cf-ac9a2ceea141%22:%91%22link_text_color%22%93,%22gcid-978746c2-4d88-4e95-b979-6828ff8aeac2%22:%91%22link_text_color__hover%22%93,%22gcid-556cf328-6a65-4462-a241-9ca2492941ac%22:%91%22text_text_color%22,%22header_4_text_color%22%93}&#8221;]<\/p>\n<h4>\u00a1Hola!<\/h4>\n<p>Si tienes cualquier duda, contacta con nosotros. M\u00e1ndanos tus sugerencias o preguntas mediante este formulario. Te responderemos lo antes posible.  <\/p>\n<p>[\/et_pb_text][et_pb_text _builder_version=&#8221;4.27.0&#8243; _module_preset=&#8221;default&#8221; text_text_color=&#8221;gcid-556cf328-6a65-4462-a241-9ca2492941ac&#8221; header_4_text_color=&#8221;gcid-556cf328-6a65-4462-a241-9ca2492941ac&#8221; header_4_font_size=&#8221;1.2rem&#8221; custom_margin=&#8221;||14px||false|false&#8221; global_colors_info=&#8221;{%22gcid-3c5f6e93-bb73-4970-84cf-ac9a2ceea141%22:%91%22link_text_color%22,%22link_text_color%22,%22link_text_color%22%93,%22gcid-978746c2-4d88-4e95-b979-6828ff8aeac2%22:%91%22link_text_color__hover%22,%22link_text_color__hover%22,%22link_text_color__hover%22%93,%22gcid-556cf328-6a65-4462-a241-9ca2492941ac%22:%91%22text_text_color%22,%22header_4_text_color%22%93}&#8221;]<\/p>\n<h4>\u00bfD\u00f3nde nos encontrar\u00e1s?<\/h4>\n<p>En la calle Finestrelles, 15, local A, en el barrio de Can Gibert del Pla de Girona. Tambi\u00e9n puedes contactar con nosotros por tel\u00e9fono o correo electr\u00f3nico: <\/p>\n<p>[\/et_pb_text][dsm_icon_list icon_color=&#8221;#666666&#8243; icon_font_size=&#8221;16px&#8221; list_space_between=&#8221;3px&#8221; text_indent=&#8221;1px&#8221; _builder_version=&#8221;4.23.2&#8243; _module_preset=&#8221;default&#8221; text_font=&#8221;|700|||||||&#8221; text_text_color=&#8221;gcid-556cf328-6a65-4462-a241-9ca2492941ac&#8221; text_font_size=&#8221;1rem&#8221; custom_margin=&#8221;-10px|||||&#8221; global_colors_info=&#8221;{%22gcid-3c5f6e93-bb73-4970-84cf-ac9a2ceea141%22:%91%22text_text_color__hover%22%93,%22gcid-556cf328-6a65-4462-a241-9ca2492941ac%22:%91%22text_text_color%22%93}&#8221; icon_color__hover_enabled=&#8221;on|desktop&#8221; icon_color__hover=&#8221;#252525&#8243; text_text_color__hover_enabled=&#8221;on|desktop&#8221; text_text_color__hover=&#8221;#52cebe&#8221;][dsm_icon_list_child text=&#8221;(+34) 872 07 24 52&#8243; use_icon=&#8221;off&#8221; use_tooltip=&#8221;on&#8221; url=&#8221;tel:872072452&#8243; _builder_version=&#8221;4.23.2&#8243; _module_preset=&#8221;default&#8221; global_colors_info=&#8221;{}&#8221;]<\/p>\n<p>9 a 17h<\/p>\n<p>[\/dsm_icon_list_child][dsm_icon_list_child text=&#8221;info@plego.art&#8221; use_icon=&#8221;off&#8221; url=&#8221;mailto:info@plego.cat&#8221; _builder_version=&#8221;4.23.2&#8243; _module_preset=&#8221;default&#8221; global_colors_info=&#8221;{}&#8221;][\/dsm_icon_list_child][\/dsm_icon_list][et_pb_social_media_follow _builder_version=&#8221;4.23.2&#8243; _module_preset=&#8221;default&#8221; global_colors_info=&#8221;{}&#8221;][et_pb_social_media_follow_network social_network=&#8221;facebook&#8221; url=&#8221;https:\/\/www.facebook.com\/plegopaper&#8221; icon_color=&#8221;#FFFFFF&#8221; use_icon_font_size=&#8221;on&#8221; icon_font_size=&#8221;14px&#8221; _builder_version=&#8221;4.23.2&#8243; _module_preset=&#8221;default&#8221; background_color=&#8221;#FF6666&#8243; background_enable_color=&#8221;on&#8221; global_colors_info=&#8221;{}&#8221; background__hover_enabled=&#8221;on|hover&#8221; background_color__hover=&#8221;#3b5998&#8243; background_enable_color__hover=&#8221;on&#8221; icon_color__hover_enabled=&#8221;off|desktop&#8221; icon_color__hover=&#8221;#FFFFFF&#8221; follow_button=&#8221;off&#8221; url_new_window=&#8221;on&#8221;]facebook[\/et_pb_social_media_follow_network][et_pb_social_media_follow_network social_network=&#8221;youtube&#8221; url=&#8221;https:\/\/www.youtube.com\/channel\/UCKKF3XepRPw7am1o7LO1Hxw&#8221; icon_color=&#8221;#FFFFFF&#8221; use_icon_font_size=&#8221;on&#8221; icon_font_size=&#8221;14px&#8221; _builder_version=&#8221;4.23.2&#8243; _module_preset=&#8221;default&#8221; background_color=&#8221;#FF6666&#8243; background_enable_color=&#8221;on&#8221; global_colors_info=&#8221;{}&#8221; background__hover_enabled=&#8221;on|hover&#8221; background_color__hover=&#8221;#a82400&#8243; background_enable_color__hover=&#8221;on&#8221; icon_color__hover_enabled=&#8221;off|desktop&#8221; icon_color__hover=&#8221;#FFFFFF&#8221; follow_button=&#8221;off&#8221; url_new_window=&#8221;on&#8221;]youtube[\/et_pb_social_media_follow_network][et_pb_social_media_follow_network social_network=&#8221;pinterest&#8221; url=&#8221;http:\/\/www.pinterest.com\/plegopaper\/&#8221; icon_color=&#8221;#FFFFFF&#8221; use_icon_font_size=&#8221;on&#8221; icon_font_size=&#8221;14px&#8221; _builder_version=&#8221;4.23.2&#8243; _module_preset=&#8221;default&#8221; background_color=&#8221;#FF6666&#8243; background_enable_color=&#8221;on&#8221; global_colors_info=&#8221;{}&#8221; background__hover_enabled=&#8221;on|hover&#8221; background_color__hover=&#8221;#cb2027&#8243; background_enable_color__hover=&#8221;on&#8221; follow_button=&#8221;off&#8221; url_new_window=&#8221;on&#8221;]pinterest[\/et_pb_social_media_follow_network][et_pb_social_media_follow_network social_network=&#8221;instagram&#8221; url=&#8221;http:\/\/instagram.com\/plegopaper&#8221; icon_color=&#8221;#FFFFFF&#8221; use_icon_font_size=&#8221;on&#8221; icon_font_size=&#8221;14px&#8221; _builder_version=&#8221;4.23.2&#8243; _module_preset=&#8221;default&#8221; background_color=&#8221;#FF6666&#8243; background_enable_color=&#8221;on&#8221; global_colors_info=&#8221;{}&#8221; background__hover_enabled=&#8221;on|hover&#8221; background_color__hover=&#8221;#ea2c59&#8243; background_enable_color__hover=&#8221;on&#8221; follow_button=&#8221;off&#8221; url_new_window=&#8221;on&#8221;]instagram[\/et_pb_social_media_follow_network][\/et_pb_social_media_follow][et_pb_button button_url=&#8221;https:\/\/www.testweb.plego.art\/es\/#seccio-newsletter&#8221; button_text=&#8221;SUSCR\u00cdBETE A NUESTRO NEWSLETTER&#8221; _builder_version=&#8221;4.27.0&#8243; _module_preset=&#8221;default&#8221; button_text_size=&#8221;0.69rem&#8221; button_bg_color=&#8221;gcid-556cf328-6a65-4462-a241-9ca2492941ac&#8221; button_border_width=&#8221;0px&#8221; button_use_icon=&#8221;off&#8221; custom_padding=&#8221;6px||6px||true|false&#8221; global_colors_info=&#8221;{%22gcid-3c5f6e93-bb73-4970-84cf-ac9a2ceea141%22:%91%22button_bg_color%22,%22button_border_color%22,%22button_bg_color__hover%22%93,%22gcid-39938217-76e7-4093-9aba-872b87fb0c7c%22:%91%22dsm_modules_close_background_color%22%93,%22gcid-556cf328-6a65-4462-a241-9ca2492941ac%22:%91%22button_bg_color%22%93}&#8221; button_text_color__hover_enabled=&#8221;on|desktop&#8221; button_bg_color__hover=&#8221;#52cebe&#8221; button_bg_enable_color__hover=&#8221;on&#8221;][\/et_pb_button][\/et_pb_column][et_pb_column type=&#8221;3_5&#8243; _builder_version=&#8221;4.22.2&#8243; _module_preset=&#8221;default&#8221; global_colors_info=&#8221;{}&#8221;][et_pb_contact_form email=&#8221;plego@plego.art&#8221; custom_message=&#8221;Missatge Formulari de contacte web Plego.cat||et_pb_line_break_holder||||et_pb_line_break_holder||Nom i cognoms: %%Nom%%||et_pb_line_break_holder||Empresa: %%Empresa%%||et_pb_line_break_holder||Email: %%Email%%||et_pb_line_break_holder||Tel\u00e8fon: %%Telefon%%||et_pb_line_break_holder||||et_pb_line_break_holder||Missatge: ||et_pb_line_break_holder||%%Missatge%%&#8221; success_message=&#8221;\u00a1Mensaje enviado! Gracias, pr\u00f3ximamente nos pondremos en contacto. &#8221; submit_button_text=&#8221;Enviar&#8221; _builder_version=&#8221;4.27.4&#8243; _module_preset=&#8221;default&#8221; _unique_id=&#8221;2cccb9f9-e4ae-4f81-9a60-88c7a38d8cb8&#8243; form_field_background_color=&#8221;#FFFFFF&#8221; form_field_text_color=&#8221;#52CEBE&#8221; form_field_custom_padding=&#8221;15px|12px|15px|12px|true|true&#8221; captcha_font_size=&#8221;1rem&#8221; captcha_letter_spacing=&#8221;1px&#8221; form_field_font_size=&#8221;1rem&#8221; custom_button=&#8221;on&#8221; button_text_size=&#8221;1.1rem&#8221; button_text_color=&#8221;#FFFFFF&#8221; button_bg_color=&#8221;#52CEBE&#8221; button_border_width=&#8221;0px&#8221; button_font=&#8221;|600||on|||||&#8221; button_icon=&#8221;&#xf1d8;||fa||400&#8243; button_custom_margin=&#8221;|||25px|false|false&#8221; custom_margin=&#8221;2rem||||false|false&#8221; hover_enabled=&#8221;0&#8243; border_width_bottom=&#8221;1px&#8221; border_color_bottom=&#8221;#52CEBE&#8221; global_colors_info=&#8221;{}&#8221; border_color_bottom__hover_enabled=&#8221;off|hover&#8221; button_bg_color__hover_enabled=&#8221;on|desktop&#8221; button_bg_color__hover=&#8221;#FF6666&#8243; button_bg_enable_color__hover=&#8221;on&#8221; border_color_bottom__hover=&#8221;#FF6666&#8243; use_spam_service=&#8221;on&#8221; recaptcha_list=&#8221;Plegoart-0&#8243; sticky_enabled=&#8221;0&#8243;][et_pb_contact_field field_id=&#8221;Nom&#8221; field_title=&#8221;Nombre y apellidos&#8221; _builder_version=&#8221;4.22.2&#8243; global_colors_info=&#8221;{}&#8221; button_text_size__hover_enabled=&#8221;off&#8221; button_one_text_size__hover_enabled=&#8221;off&#8221; button_two_text_size__hover_enabled=&#8221;off&#8221; button_text_color__hover_enabled=&#8221;off&#8221; button_one_text_color__hover_enabled=&#8221;off&#8221; button_two_text_color__hover_enabled=&#8221;off&#8221; button_border_width__hover_enabled=&#8221;off&#8221; button_one_border_width__hover_enabled=&#8221;off&#8221; button_two_border_width__hover_enabled=&#8221;off&#8221; button_border_color__hover_enabled=&#8221;off&#8221; button_one_border_color__hover_enabled=&#8221;off&#8221; button_two_border_color__hover_enabled=&#8221;off&#8221; button_border_radius__hover_enabled=&#8221;off&#8221; button_one_border_radius__hover_enabled=&#8221;off&#8221; button_two_border_radius__hover_enabled=&#8221;off&#8221; button_letter_spacing__hover_enabled=&#8221;off&#8221; button_one_letter_spacing__hover_enabled=&#8221;off&#8221; button_two_letter_spacing__hover_enabled=&#8221;off&#8221; button_bg_color__hover_enabled=&#8221;off&#8221; button_one_bg_color__hover_enabled=&#8221;off&#8221; button_two_bg_color__hover_enabled=&#8221;off&#8221;][\/et_pb_contact_field][et_pb_contact_field field_id=&#8221;Empresa&#8221; field_title=&#8221;Empresa \/ Particular&#8221; _builder_version=&#8221;4.22.2&#8243; global_colors_info=&#8221;{}&#8221; button_text_size__hover_enabled=&#8221;off&#8221; button_one_text_size__hover_enabled=&#8221;off&#8221; button_two_text_size__hover_enabled=&#8221;off&#8221; button_text_color__hover_enabled=&#8221;off&#8221; button_one_text_color__hover_enabled=&#8221;off&#8221; button_two_text_color__hover_enabled=&#8221;off&#8221; button_border_width__hover_enabled=&#8221;off&#8221; button_one_border_width__hover_enabled=&#8221;off&#8221; button_two_border_width__hover_enabled=&#8221;off&#8221; button_border_color__hover_enabled=&#8221;off&#8221; button_one_border_color__hover_enabled=&#8221;off&#8221; button_two_border_color__hover_enabled=&#8221;off&#8221; button_border_radius__hover_enabled=&#8221;off&#8221; button_one_border_radius__hover_enabled=&#8221;off&#8221; button_two_border_radius__hover_enabled=&#8221;off&#8221; button_letter_spacing__hover_enabled=&#8221;off&#8221; button_one_letter_spacing__hover_enabled=&#8221;off&#8221; button_two_letter_spacing__hover_enabled=&#8221;off&#8221; button_bg_color__hover_enabled=&#8221;off&#8221; button_one_bg_color__hover_enabled=&#8221;off&#8221; button_two_bg_color__hover_enabled=&#8221;off&#8221;][\/et_pb_contact_field][et_pb_contact_field field_id=&#8221;Email&#8221; field_title=&#8221;Direcci\u00f3n electr\u00f3nica&#8221; field_type=&#8221;email&#8221; _builder_version=&#8221;4.27.0&#8243; global_colors_info=&#8221;{}&#8221; button_text_size__hover_enabled=&#8221;off&#8221; button_one_text_size__hover_enabled=&#8221;off&#8221; button_two_text_size__hover_enabled=&#8221;off&#8221; button_text_color__hover_enabled=&#8221;off&#8221; button_one_text_color__hover_enabled=&#8221;off&#8221; button_two_text_color__hover_enabled=&#8221;off&#8221; button_border_width__hover_enabled=&#8221;off&#8221; button_one_border_width__hover_enabled=&#8221;off&#8221; button_two_border_width__hover_enabled=&#8221;off&#8221; button_border_color__hover_enabled=&#8221;off&#8221; button_one_border_color__hover_enabled=&#8221;off&#8221; button_two_border_color__hover_enabled=&#8221;off&#8221; button_border_radius__hover_enabled=&#8221;off&#8221; button_one_border_radius__hover_enabled=&#8221;off&#8221; button_two_border_radius__hover_enabled=&#8221;off&#8221; button_letter_spacing__hover_enabled=&#8221;off&#8221; button_one_letter_spacing__hover_enabled=&#8221;off&#8221; button_two_letter_spacing__hover_enabled=&#8221;off&#8221; button_bg_color__hover_enabled=&#8221;off&#8221; button_one_bg_color__hover_enabled=&#8221;off&#8221; button_two_bg_color__hover_enabled=&#8221;off&#8221;][\/et_pb_contact_field][et_pb_contact_field field_id=&#8221;Telefon&#8221; field_title=&#8221;Tel\u00e9fono&#8221; allowed_symbols=&#8221;numbers&#8221; required_mark=&#8221;off&#8221; _builder_version=&#8221;4.22.2&#8243; _module_preset=&#8221;default&#8221; global_colors_info=&#8221;{}&#8221;][\/et_pb_contact_field][et_pb_contact_field field_id=&#8221;Missatge&#8221; field_title=&#8221;Mensaje&#8221; field_type=&#8221;text&#8221; fullwidth_field=&#8221;on&#8221; _builder_version=&#8221;4.22.2&#8243; global_colors_info=&#8221;{}&#8221; button_text_size__hover_enabled=&#8221;off&#8221; button_one_text_size__hover_enabled=&#8221;off&#8221; button_two_text_size__hover_enabled=&#8221;off&#8221; button_text_color__hover_enabled=&#8221;off&#8221; button_one_text_color__hover_enabled=&#8221;off&#8221; button_two_text_color__hover_enabled=&#8221;off&#8221; button_border_width__hover_enabled=&#8221;off&#8221; button_one_border_width__hover_enabled=&#8221;off&#8221; button_two_border_width__hover_enabled=&#8221;off&#8221; button_border_color__hover_enabled=&#8221;off&#8221; button_one_border_color__hover_enabled=&#8221;off&#8221; button_two_border_color__hover_enabled=&#8221;off&#8221; button_border_radius__hover_enabled=&#8221;off&#8221; button_one_border_radius__hover_enabled=&#8221;off&#8221; button_two_border_radius__hover_enabled=&#8221;off&#8221; button_letter_spacing__hover_enabled=&#8221;off&#8221; button_one_letter_spacing__hover_enabled=&#8221;off&#8221; button_two_letter_spacing__hover_enabled=&#8221;off&#8221; button_bg_color__hover_enabled=&#8221;off&#8221; button_one_bg_color__hover_enabled=&#8221;off&#8221; button_two_bg_color__hover_enabled=&#8221;off&#8221;][\/et_pb_contact_field][\/et_pb_contact_form][\/et_pb_column][\/et_pb_row][\/et_pb_section]<\/p>\n","protected":false},"excerpt":{"rendered":"<p>Si tienes cualquier duda, contacta con nosotros. M\u00e1ndanos tus sugerencias o preguntas mediante este formulario. Te responderemos lo antes posible.  <\/p>\n","protected":false},"author":1,"featured_media":0,"parent":0,"menu_order":22,"comment_status":"open","ping_status":"open","template":"","meta":{"_et_pb_use_builder":"on","_et_pb_old_content":"","_et_gb_content_width":"","footnotes":""},"class_list":["post-14087","page","type-page","status-publish","hentry"],"_links":{"self":[{"href":"https:\/\/www.testweb.plego.art\/es\/wp-json\/wp\/v2\/pages\/14087","targetHints":{"allow":["GET"]}}],"collection":[{"href":"https:\/\/www.testweb.plego.art\/es\/wp-json\/wp\/v2\/pages"}],"about":[{"href":"https:\/\/www.testweb.plego.art\/es\/wp-json\/wp\/v2\/types\/page"}],"author":[{"embeddable":true,"href":"https:\/\/www.testweb.plego.art\/es\/wp-json\/wp\/v2\/users\/1"}],"replies":[{"embeddable":true,"href":"https:\/\/www.testweb.plego.art\/es\/wp-json\/wp\/v2\/comments?post=14087"}],"version-history":[{"count":0,"href":"https:\/\/www.testweb.plego.art\/es\/wp-json\/wp\/v2\/pages\/14087\/revisions"}],"wp:attachment":[{"href":"https:\/\/www.testweb.plego.art\/es\/wp-json\/wp\/v2\/media?parent=14087"}],"curies":[{"name":"wp","href":"https:\/\/api.w.org\/{rel}","templated":true}]}}